{"id":151,"date":"2019-12-18T15:19:28","date_gmt":"2019-12-18T14:19:28","guid":{"rendered":"https:\/\/www.ds-hotel.de\/gronau\/?page_id=151"},"modified":"2026-01-25T17:47:52","modified_gmt":"2026-01-25T16:47:52","slug":"oeffnungszeiten","status":"publish","type":"page","link":"https:\/\/www.ds-hotel.de\/gronau\/oeffnungszeiten\/","title":{"rendered":"Hotel &amp; Stellplatz \u00d6ffnungszeiten \/                                                              Hotel &amp; Camperplaats Openingstijden"},"content":{"rendered":"\n<p><\/p>\n\n\n\n<p><strong>Montag bis Sonntag<\/strong><\/p>\n\n\n\n<p>Der Service mit Personal ist von 08:00 bis 10\/11:00 Uhr und von 15:00 bis 19\/20:00 Uhr verf\u00fcgbar.<\/p>\n\n\n\n<p>Der Aufenthalt in der Schankwirtschaft und auf der Terrasse ist ausschlie\u00dflich f\u00fcr eingecheckte G\u00e4ste von 08:00 bis 23:30 Uhr m\u00f6glich. Au\u00dferhalb dieser Zeiten erfolgt die Bedienung an den Warenautomaten in Selbstbedienung gegen Entgelt.<\/p>\n\n\n\n<p>Der Sun Area mit Pool, Liegewiese und Terrasse ist von 15 bis 19 Uhr ge\u00f6ffnet (April\/Mai bis September\/Oktober bzw. je nach Wetterlage) f\u00fcr Hotel- und Stellplatzg\u00e4ste ge\u00f6ffnet. Bitte melden Sie sich vor dem Betreten an der Rezeption an.<\/p>\n\n\n\n<p>Das 3-Gang-Abendessen im Rahmen der Halbpension wird um 18 Uhr serviert.<\/p>\n\n\n\n<p>Zutritt haben nur angemeldete dS Hotel- und Stellplatzg\u00e4ste (keine Passanten).<\/p>\n\n\n\n<p><\/p>\n\n\n\n<p><\/p>\n\n\n\n<p><strong>Maandag tot zondag<\/strong><\/p>\n\n\n\n<p>De bediening met personeel is beschikbaar van 08:00 tot 10\/11:00 uur en van 15:00 tot 19\/20:00 uur.<\/p>\n\n\n\n<p>Het verblijf in de bar en op het terras is uitsluitend mogelijk voor incheckende gasten van 08:00 tot 23:30 uur. Buiten deze tijden is er zelfbediening tegen betaling bij de automaten.<\/p>\n\n\n\n<p>De Sun Area met zwembad, ligweide en terras is van 15:00 tot 19:00 uur geopend (april\/mei tot september\/oktober of afhankelijk van het weer) voor hotel- en campinggasten. Meld u alstublieft bij de receptie voordat u binnenkomt.<\/p>\n\n\n\n<p>Het 3-gangen diner in het kader van het halfpension wordt om 18.00 uur geserveerd.<\/p>\n\n\n\n<p>Alleen geregistreerde dS hotel- en camperplaatsgasten hebben toegang (geen passanten).<\/p>\n","protected":false},"excerpt":{"rendered":"<p>Montag bis Sonntag Der Service mit Personal ist von 08:00 bis 10\/11:00 Uhr und von 15:00 bis 19\/20:00 Uhr verf\u00fcgbar. Der Aufenthalt in der Schankwirtschaft und auf der Terrasse ist ausschlie\u00dflich f\u00fcr eingecheckte G\u00e4ste von 08:00 bis 23:30 Uhr m\u00f6glich. Au\u00dferhalb dieser Zeiten erfolgt die Bedienung an den Warenautomaten in Selbstbedienung gegen Entgelt. Der Sun [&hellip;]<\/p>\n","protected":false},"author":1,"featured_media":0,"parent":0,"menu_order":0,"comment_status":"closed","ping_status":"closed","template":"","meta":{"site-sidebar-layout":"default","site-content-layout":"default","ast-site-content-layout":"default","site-content-style":"default","site-sidebar-style":"default","ast-global-header-display":"","ast-banner-title-visibility":"","ast-main-header-display":"","ast-hfb-above-header-display":"","ast-hfb-below-header-display":"","ast-hfb-mobile-header-display":"","site-post-title":"","ast-breadcrumbs-content":"","ast-featured-img":"","footer-sml-layout":"","theme-transparent-header-meta":"default","adv-header-id-meta":"","stick-header-meta":"","header-above-stick-meta":"","header-main-stick-meta":"","header-below-stick-meta":"","astra-migrate-meta-layouts":"set","ast-page-background-enabled":"default","ast-page-background-meta":{"desktop":{"background-color":"","background-image":"","background-repeat":"repeat","background-position":"center center","background-size":"auto","background-attachment":"scroll","background-type":"","background-media":"","overlay-type":"","overlay-color":"","overlay-opacity":"","overlay-gradient":""},"tablet":{"background-color":"","background-image":"","background-repeat":"repeat","background-position":"center center","background-size":"auto","background-attachment":"scroll","background-type":"","background-media":"","overlay-type":"","overlay-color":"","overlay-opacity":"","overlay-gradient":""},"mobile":{"background-color":"","background-image":"","background-repeat":"repeat","background-position":"center center","background-size":"auto","background-attachment":"scroll","background-type":"","background-media":"","overlay-type":"","overlay-color":"","overlay-opacity":"","overlay-gradient":""}},"ast-content-background-meta":{"desktop":{"background-color":"var(--ast-global-color-5)","background-image":"","background-repeat":"repeat","background-position":"center center","background-size":"auto","background-attachment":"scroll","background-type":"","background-media":"","overlay-type":"","overlay-color":"","overlay-opacity":"","overlay-gradient":""},"tablet":{"background-color":"var(--ast-global-color-5)","background-image":"","background-repeat":"repeat","background-position":"center center","background-size":"auto","background-attachment":"scroll","background-type":"","background-media":"","overlay-type":"","overlay-color":"","overlay-opacity":"","overlay-gradient":""},"mobile":{"background-color":"var(--ast-global-color-5)","background-image":"","background-repeat":"repeat","background-position":"center center","background-size":"auto","background-attachment":"scroll","background-type":"","background-media":"","overlay-type":"","overlay-color":"","overlay-opacity":"","overlay-gradient":""}},"footnotes":""},"class_list":["post-151","page","type-page","status-publish","hentry"],"_links":{"self":[{"href":"https:\/\/www.ds-hotel.de\/gronau\/wp-json\/wp\/v2\/pages\/151","targetHints":{"allow":["GET"]}}],"collection":[{"href":"https:\/\/www.ds-hotel.de\/gronau\/wp-json\/wp\/v2\/pages"}],"about":[{"href":"https:\/\/www.ds-hotel.de\/gronau\/wp-json\/wp\/v2\/types\/page"}],"author":[{"embeddable":true,"href":"https:\/\/www.ds-hotel.de\/gronau\/wp-json\/wp\/v2\/users\/1"}],"replies":[{"embeddable":true,"href":"https:\/\/www.ds-hotel.de\/gronau\/wp-json\/wp\/v2\/comments?post=151"}],"version-history":[{"count":16,"href":"https:\/\/www.ds-hotel.de\/gronau\/wp-json\/wp\/v2\/pages\/151\/revisions"}],"predecessor-version":[{"id":646,"href":"https:\/\/www.ds-hotel.de\/gronau\/wp-json\/wp\/v2\/pages\/151\/revisions\/646"}],"wp:attachment":[{"href":"https:\/\/www.ds-hotel.de\/gronau\/wp-json\/wp\/v2\/media?parent=151"}],"curies":[{"name":"wp","href":"https:\/\/api.w.org\/{rel}","templated":true}]}}