{"id":19,"date":"2019-03-06T10:40:13","date_gmt":"2019-03-06T09:40:13","guid":{"rendered":"https:\/\/www.ds-hotel.de\/gronau\/?page_id=19"},"modified":"2020-02-13T14:39:10","modified_gmt":"2020-02-13T13:39:10","slug":"datenschutzerklaerung","status":"publish","type":"page","link":"https:\/\/www.ds-hotel.de\/gronau\/datenschutzerklaerung\/","title":{"rendered":"Datenschutzerkl\u00e4rung"},"content":{"rendered":"\n<h2 class=\"wp-block-heading\">Datenschutzerkl\u00e4rung und Information der Betroffenen gem\u00e4\u00df Artikel 13 und Artikel 14 EU-DSGVO <\/h2>\n\n\n\n<h3 class=\"wp-block-heading\">Allgemeine Angabe<\/h3>\n\n\n\n<p>Angaben zur verantwortlichen Stelle<br>Unternehmen: dS Hotel &amp; Freizeitcenter Betriebs GmbH<br>Gesetzliche Vertreter: Dirk Schlichter<br>Adresse: Ottensteiner Str. 59 in 48691 Vreden<br>Zus\u00e4tzliche Betriebsst\u00e4tte:<br>dS Hotel Gronau; Amtsvenn 58; 48599 Gronau<br>Kontaktdaten Datenschutzbeauftragter: datenschutz@ds-hotel.de<\/p>\n\n\n\n<h3 class=\"wp-block-heading\">Allgemeine Datenverarbeitungs-Informationen<\/h3>\n\n\n\n<p><strong>Betroffene Daten:<\/strong><\/p>\n\n\n\n<p>Personenbezogene Daten werden nur erhoben, wenn Sie uns diese von sich aus mitteilen. Dar\u00fcber hinaus werden keine personenbezogenen Daten erhoben. Eine \u00fcber die Reichweite der gesetzlichen Erlaubnistatbest\u00e4nde hinausgehende Verarbeitung Ihrer personenbezogenen Daten erfolgt nur auf Grundlage Ihrer ausdr\u00fccklichen Einwilligung.<\/p>\n\n\n\n<p><strong>Verarbeitungszweck:<\/strong><\/p>\n\n\n\n<p>Vertragsdurchf\u00fchrung<\/p>\n\n\n\n<p><strong>Kategorien von Empf\u00e4ngern:<\/strong><\/p>\n\n\n\n<p>\u00d6ffentliche Stellen bei Vorliegen vorrangiger Rechtsvorschriften.<br>Externe Dienstleister oder sonstige Auftragnehmer.<br>Weitere externe Stellen soweit der Betroffene seine Einwilligung erteilt hat oder eine<br>\u00dcbermittlung aus \u00fcberwiegendem Interesse zul\u00e4ssig ist.<\/p>\n\n\n\n<p><strong>Drittlandtransfers:<\/strong><\/p>\n\n\n\n<p>Im Rahmen der Vertragsdurchf\u00fchrung k\u00f6nnen auch Auftragsverarbeiter au\u00dferhalb der Europ\u00e4ischen Union zum Einsatz kommen.<\/p>\n\n\n\n<p><strong>Dauer Datenspeicherung:<\/strong><\/p>\n\n\n\n<p>Die Dauer der Datenspeicherung richtet sich nach den gesetzlichen Aufbewahrungspflichten und betr\u00e4gt in der Regel 10 Jahre.<\/p>\n\n\n\n<h3 class=\"wp-block-heading\">Spezifische Angaben zur Webseite<\/h3>\n\n\n\n<p><strong>Einsatz eines Newsletters:<\/strong><\/p>\n\n\n\n<p>Im Rahmen der Registrierung unseres Newsletters teilen Sie uns Ihre E-Mail-Adresse und optional weitere Daten mit. Diese Angaben verwenden wir ausschlie\u00dflich, um Ihnen den Newsletter zuzusenden. Ihre bei der Newsletter-Anmeldung eingegebenen Daten bleiben bei uns gespeichert, bis Sie sich wieder von unserem Newsletter abmelden. Eine Abmeldung ist jederzeit \u00fcber den daf\u00fcr vorgesehenen Link im Newsletter oder eine entsprechende Mitteilung an uns m\u00f6glich. Mit der Abmeldung widersprechen Sie der Nutzung Ihrer E-Mail-Adresse.<\/p>\n\n\n\n<p><strong>Einsatz von Google Analytics:<\/strong><\/p>\n\n\n\n<p>Diese Website benutzt Google Analytics, einen Webanalysedienst der Google Inc. (\u201eGoogle\u201c). Google Analytics verwendet sog. \u201eCookies\u201c, Textdateien, die auf Ihrem Computer gespeichert werden und die eine Analyse der Benutzung der Website durch Sie erm\u00f6glichen. Die durch den<br>Cookie erzeugten Informationen \u00fcber Ihre Benutzung dieser Website werden in der Regel an einen Server von Google in den USA \u00fcbertragen und dort gespeichert. Im Falle der Aktivierung der IPAnonymisierung auf dieser Website, wird Ihre IP-Adresse von Google jedoch innerhalb von Mitgliedstaaten der Europ\u00e4ischen Union oder in anderen Vertragsstaaten des Abkommens \u00fcber den Europ\u00e4ischen Wirtschaftsraum zuvor gek\u00fcrzt. Nur in Ausnahmef\u00e4llen wird die volle IP-Adresse an einen Server von Google in den USA \u00fcbertragen und dort gek\u00fcrzt. Im Auftrag des Betreibers dieser Website wird Google diese Informationen benutzen, um Ihre Nutzung der Website auszuwerten, um Reports \u00fcber die Websiteaktivit\u00e4ten zusammenzustellen und um weitere mit der Websitenutzung und der Internetnutzung verbundene Dienstleistungen gegen\u00fcber dem Websitebetreiber zu erbringen. Die im Rahmen von Google Analytics von Ihrem Browser \u00fcbermittelte IP-Adresse wird nicht mit anderen Daten von Google zusammengef\u00fchrt. Sie k\u00f6nnen die Speicherung der Cookies durch eine entsprechende Einstellung Ihrer Browser-Software verhindern; wir weisen Sie jedoch darauf hin, dass Sie in diesem Fall gegebenenfalls nicht s\u00e4mtliche Funktionen dieser Website vollumf\u00e4nglich werden nutzen k\u00f6nnen. Sie k\u00f6nnen dar\u00fcber hinaus die Erfassung der durch das Cookie erzeugten und auf Ihre Nutzung der Website bezogenen Daten (inkl. Ihrer IP-Adresse) an Google sowie die Verarbeitung dieser Daten durch Google verhindern, indem sie das unter dem folgenden Link verf\u00fcgbare Browser-Plugin http:\/\/tools.google.com\/dlpage\/gaoptout?hl=de herunterladen und installieren. Angesichts der Diskussion um den Einsatz von Analysetools mit vollst\u00e4ndigen IP-Adressen m\u00f6chten wir darauf hinweisen, dass diese Website Google Analytics mit der Erweiterung \u201e_anonymizeIp()\u201c verwendet und daher IP-Adressen nur gek\u00fcrzt weiterverarbeitet werden, um eine direkte Personenbeziehbarkeit auszuschlie\u00dfen. Speziell f\u00fcr Browser auf mobilen Ger\u00e4ten klicken Sie bitte folgenden Link, um die anonymisierte Erfassung durch Google Analytics auf dieser Website f\u00fcr Ihren Browser mittels eines so genannten \u201eOpt-Out-Cookies\u201c zuk\u00fcnftig zu verhindern: Google Analytics deaktivieren<\/p>\n\n\n\n<p><strong>Google AdWords Conversion Tracking:<\/strong><\/p>\n\n\n\n<p>Diese Website benutzt Google AdWords Conversion Tracking, einen Webanalysedienst der Google Inc. (\u201eGoogle\u201c). Google AdWords Conversion Tracking verwendet ebenfalls \u201eCookies\u201c, die auf Ihrem Computer gespeichert werden und die eine Analyse der Benutzung der Website durch Sie erm\u00f6glichen. Die durch den Cookie erzeugten Informationen \u00fcber Ihre Benutzung dieser Website werden an einen Server von Google in den USA \u00fcbertragen und dort gespeichert. Google wird diese Informationen benutzen, um Ihre Nutzung der Website auszuwerten, um Reports \u00fcber die Websiteaktivit\u00e4ten f\u00fcr die Websitebetreiber zusammenzustellen und um weitere mit der Websitenutzung und der Internetnutzung verbundene Dienstleistungen zu erbringen. Auch wird Google diese Informationen gegebenenfalls an Dritte \u00fcbertragen, sofern dies gesetzlich vorgeschrieben oder soweit Dritte diese Daten im Auftrag von Google verarbeiten. Google wird in keinem Fall die Daten mit anderen Daten von Google in Verbindung bringen. Sie k\u00f6nnen die Verwendung von Cookies generell verhindern, wenn Sie in Ihrem Browser die Speicherung von Cookies untersagen.<\/p>\n\n\n\n<p><strong>Einsatz eigener &#8222;Cookies&#8220;:<\/strong><\/p>\n\n\n\n<p>Diese Website verwendet eigene \u201eCookies\u201c, um die Benutzerfreundlichkeit zu erh\u00f6hen (\u201eCookies\u201c sind Datens\u00e4tze, die vom Webserver an den Browser des Nutzers gesandt und dort f\u00fcr einen sp\u00e4teren Abruf gespeichert werden). In unseren eigenen \u201eCookies\u201c werden keinerlei personenbezogene Daten gespeichert. Sie k\u00f6nnen die Verwendung von \u201eCookies\u201c generell verhindern, wenn Sie in Ihrem Browser die Speicherung von \u201eCookies\u201c untersagen.<\/p>\n\n\n\n<h3 class=\"wp-block-heading\">Angaben zu weiteren Datenverarbeitungsverfahren<\/h3>\n\n\n\n<h4 class=\"wp-block-heading\">Spezifische Angaben zum Bewerbungsverfahren<\/h4>\n\n\n\n<p><strong>Betroffene Daten:<\/strong><\/p>\n\n\n\n<p>Berwerbungsangaben<\/p>\n\n\n\n<p><strong>Verarbeitungszweck:<\/strong><\/p>\n\n\n\n<p>Durchf\u00fchrung Bewerbungsverfahren<\/p>\n\n\n\n<p><strong>Kategorien von Empf\u00e4ngern:<\/strong><\/p>\n\n\n\n<p>\u00d6ffentliche Stellen bei Vorliegen vorrangiger Rechtsvorschriften. Externe Dienstleister oder sonstige Auftragnehmer, u.a. zur Datenverarbeitung und Hosting.<\/p>\n\n\n\n<p><strong>Drittlandstransfer:<\/strong><\/p>\n\n\n\n<p>Keiner<\/p>\n\n\n\n<p><strong>Dauer Datenspeicherung:<\/strong><\/p>\n\n\n\n<p>Bewerbungsdaten werden nach Mitteilung der Entscheidung in der Regel binnen vier Monaten gel\u00f6scht, soweit nicht eine Einwilligung in eine l\u00e4ngere Datenspeicherung im Rahmen der Aufnahme in den Bewerberpool vorliegt.<\/p>\n\n\n\n<h4 class=\"wp-block-heading\">Spezifische Angaben zur Verarbeitung von G\u00e4stedaten\/Interessentendaten<\/h4>\n\n\n\n<p><strong>Betroffene Daten:<\/strong><\/p>\n\n\n\n<p>Zur Vertragsdurchf\u00fchrung mitgeteilte Daten; ggfs. dar\u00fcber hinaus gehende Daten zur Verarbeitung auf Basis Ihrer ausdr\u00fccklichen Einwilligung.<\/p>\n\n\n\n<p><strong>Verarbeitungszweck:<\/strong><\/p>\n\n\n\n<p>Vertragsdurchf\u00fchrung, u.a. Angebote, Beherbergung, Dienstleistung, Verkauf und Rechnungsstellung, Qualit\u00e4tssicherung.<\/p>\n\n\n\n<p><strong>Kategorien von Empf\u00e4ngern:<\/strong><\/p>\n\n\n\n<p>\u00d6ffentliche Stellen bei Vorliegen vorrangiger Rechtsvorschriften, u.a. Finanzamt, Sozialversicherungstr\u00e4ger, Berufsgenossenschaft, Arbeitsagentur.<br>Externe Dienstleister oder sonstige Auftragnehmer, u.a. zur Datenverarbeitung und Hosting, zur Entgeltabrechnung, zur Reisekostenabrechnung, zu Versicherungsleistungen, zur Fahrzeugnutzung. Weitere externe Stellen soweit der Betroffene seine Einwilligung erteilt hat oder eine \u00dcbermittlung aus \u00fcberwiegendem Interesse zul\u00e4ssig ist, zu Versicherungsleistungen.<\/p>\n\n\n\n<p><strong>Drittlandstransfer:<\/strong><\/p>\n\n\n\n<p>Keiner<\/p>\n\n\n\n<p><strong>Dauer Datenspeicherung:<\/strong><\/p>\n\n\n\n<p>Die Dauer der Datenspeicherung richtet sich nach den gesetzlichen Aufbewahrungspflichten und betr\u00e4gt in der Regel 10 Jahre.<\/p>\n\n\n\n<h4 class=\"wp-block-heading\">Spezifische Angaben zur Verarbeitung von Lieferantendaten<\/h4>\n\n\n\n<p><strong>Betroffene Daten:<\/strong><\/p>\n\n\n\n<p>Zur Vertragsdurchf\u00fchrung mitgeteilte Daten; ggfs. dar\u00fcber hinaus gehende Daten zur Verarbeitung auf Basis Ihrer ausdr\u00fccklichen Einwilligung.<\/p>\n\n\n\n<p><strong>Verarbeitungszweck:<\/strong><\/p>\n\n\n\n<p><\/p>\n\n\n\n<p>Vertragsdurchf\u00fchrung, u.a. Anfragen, Einkauf, Qualit\u00e4tssicherung<\/p>\n\n\n\n<p><strong>Kategorien von Empf\u00e4ngern:<\/strong><\/p>\n\n\n\n<p>\u00d6ffentliche Stellen bei Vorliegen vorrangiger Rechtsvorschriften, u.a. Finanzamt.<br>Externe Dienstleister oder sonstige Auftragnehmer, u.a. zur Datenverarbeitung und Hosting,<br>Zahlungsabwicklung. Weitere externe Stellen soweit der Betroffene seine Einwilligung erteilt hat oder eine \u00dcbermittlung aus \u00fcberwiegendem Interesse zul\u00e4ssig ist.<\/p>\n\n\n\n<p><strong>Drittlandstransfer:<\/strong><\/p>\n\n\n\n<p>Keiner<\/p>\n\n\n\n<p><strong>Dauer Datenspeicherung:<\/strong><\/p>\n\n\n\n<p>Die Dauer der Datenspeicherung richtet sich nach den gesetzlichen Aufbewahrungspflichten und betr\u00e4gt in der Regel 10 Jahre.<\/p>\n\n\n\n<h4 class=\"wp-block-heading\">Weitere Informationen und Kontakte<\/h4>\n\n\n\n<p>Dar\u00fcber hinaus k\u00f6nnen Sie jederzeit Ihre Anspr\u00fcche auf Auskunft, Berichtigung oder L\u00f6schung<br>oder auf Einschr\u00e4nkung der Verarbeitung oder der Wahrnehmung Ihres Widerspruchsrechts gegen die Verarbeitung sowie das Recht auf Daten\u00fcbertragbarkeit geltend machen. Hier finden Sie die M\u00f6glichkeit, uns per E-Mail an datenschutz@ds-hotel.de oder per Brief zu kontaktieren. Sie haben ferner das Recht, sich bei Beschwerden an die Datenschutz-Aufsichtsbeh\u00f6rde zu wenden.<\/p>\n","protected":false},"excerpt":{"rendered":"<p>Datenschutzerkl\u00e4rung und Information der Betroffenen gem\u00e4\u00df Artikel 13 und Artikel 14 EU-DSGVO Allgemeine Angabe Angaben zur verantwortlichen StelleUnternehmen: dS Hotel &amp; Freizeitcenter Betriebs GmbHGesetzliche Vertreter: Dirk SchlichterAdresse: Ottensteiner Str. 59 in 48691 VredenZus\u00e4tzliche Betriebsst\u00e4tte:dS Hotel Gronau; Amtsvenn 58; 48599 GronauKontaktdaten Datenschutzbeauftragter: datenschutz@ds-hotel.de Allgemeine Datenverarbeitungs-Informationen Betroffene Daten: Personenbezogene Daten werden nur erhoben, wenn Sie uns diese [&hellip;]<\/p>\n","protected":false},"author":1,"featured_media":0,"parent":0,"menu_order":0,"comment_status":"closed","ping_status":"closed","template":"","meta":{"site-sidebar-layout":"default","site-content-layout":"","ast-site-content-layout":"","site-content-style":"default","site-sidebar-style":"default","ast-global-header-display":"","ast-banner-title-visibility":"","ast-main-header-display":"","ast-hfb-above-header-display":"","ast-hfb-below-header-display":"","ast-hfb-mobile-header-display":"","site-post-title":"","ast-breadcrumbs-content":"","ast-featured-img":"","footer-sml-layout":"","theme-transparent-header-meta":"","adv-header-id-meta":"","stick-header-meta":"","header-above-stick-meta":"","header-main-stick-meta":"","header-below-stick-meta":"","astra-migrate-meta-layouts":"default","ast-page-background-enabled":"default","ast-page-background-meta":{"desktop":{"background-color":"","background-image":"","background-repeat":"repeat","background-position":"center center","background-size":"auto","background-attachment":"scroll","background-type":"","background-media":"","overlay-type":"","overlay-color":"","overlay-opacity":"","overlay-gradient":""},"tablet":{"background-color":"","background-image":"","background-repeat":"repeat","background-position":"center center","background-size":"auto","background-attachment":"scroll","background-type":"","background-media":"","overlay-type":"","overlay-color":"","overlay-opacity":"","overlay-gradient":""},"mobile":{"background-color":"","background-image":"","background-repeat":"repeat","background-position":"center center","background-size":"auto","background-attachment":"scroll","background-type":"","background-media":"","overlay-type":"","overlay-color":"","overlay-opacity":"","overlay-gradient":""}},"ast-content-background-meta":{"desktop":{"background-color":"var(--ast-global-color-5)","background-image":"","background-repeat":"repeat","background-position":"center center","background-size":"auto","background-attachment":"scroll","background-type":"","background-media":"","overlay-type":"","overlay-color":"","overlay-opacity":"","overlay-gradient":""},"tablet":{"background-color":"var(--ast-global-color-5)","background-image":"","background-repeat":"repeat","background-position":"center center","background-size":"auto","background-attachment":"scroll","background-type":"","background-media":"","overlay-type":"","overlay-color":"","overlay-opacity":"","overlay-gradient":""},"mobile":{"background-color":"var(--ast-global-color-5)","background-image":"","background-repeat":"repeat","background-position":"center center","background-size":"auto","background-attachment":"scroll","background-type":"","background-media":"","overlay-type":"","overlay-color":"","overlay-opacity":"","overlay-gradient":""}},"footnotes":""},"class_list":["post-19","page","type-page","status-publish","hentry"],"_links":{"self":[{"href":"https:\/\/www.ds-hotel.de\/gronau\/wp-json\/wp\/v2\/pages\/19","targetHints":{"allow":["GET"]}}],"collection":[{"href":"https:\/\/www.ds-hotel.de\/gronau\/wp-json\/wp\/v2\/pages"}],"about":[{"href":"https:\/\/www.ds-hotel.de\/gronau\/wp-json\/wp\/v2\/types\/page"}],"author":[{"embeddable":true,"href":"https:\/\/www.ds-hotel.de\/gronau\/wp-json\/wp\/v2\/users\/1"}],"replies":[{"embeddable":true,"href":"https:\/\/www.ds-hotel.de\/gronau\/wp-json\/wp\/v2\/comments?post=19"}],"version-history":[{"count":8,"href":"https:\/\/www.ds-hotel.de\/gronau\/wp-json\/wp\/v2\/pages\/19\/revisions"}],"predecessor-version":[{"id":27,"href":"https:\/\/www.ds-hotel.de\/gronau\/wp-json\/wp\/v2\/pages\/19\/revisions\/27"}],"wp:attachment":[{"href":"https:\/\/www.ds-hotel.de\/gronau\/wp-json\/wp\/v2\/media?parent=19"}],"curies":[{"name":"wp","href":"https:\/\/api.w.org\/{rel}","templated":true}]}}