{"id":338,"date":"2022-07-06T17:37:37","date_gmt":"2022-07-06T15:37:37","guid":{"rendered":"https:\/\/www.ds-hotel.de\/gronau\/?page_id=338"},"modified":"2022-07-06T17:37:37","modified_gmt":"2022-07-06T15:37:37","slug":"agb","status":"publish","type":"page","link":"https:\/\/www.ds-hotel.de\/gronau\/agb\/","title":{"rendered":"AGB"},"content":{"rendered":"<div id=\"outerContainer\">\n<div id=\"sidebarContainer\">\n<div id=\"toolbarSidebar\">\n<div id=\"toolbarSidebarLeft\">\n<h2 id=\"toolbarViewerLeft\"><span dir=\"ltr\" role=\"presentation\">Allgemeine Gesch\u00e4ftsbedingungen<br \/>\n<\/span><\/h2>\n<\/div>\n<\/div>\n<\/div>\n<\/div>\n<p><span dir=\"ltr\" role=\"presentation\">1. GELTUNGSBEREICH<\/span><\/p>\n<p><span dir=\"ltr\" role=\"presentation\">1. Diese Gesch\u00e4ftsbedingungen gelten f\u00fcr Vertr\u00e4ge \u00fcber die mietweise \u00dcberlassung von Hotelzimmern zur Beherbergung und weiter<\/span><span dir=\"ltr\" role=\"presentation\">en <\/span><span dir=\"ltr\" role=\"presentation\">Leistungen des Hotels (Hotelaufnahmevertrag).<\/span><\/p>\n<p><span dir=\"ltr\" role=\"presentation\">2. Die Unter<\/span><span dir=\"ltr\" role=\"presentation\">&#8211;<\/span> <span dir=\"ltr\" role=\"presentation\">oder Weitervermietung der \u00fcberlassenen Zimmer sowie deren Nutzung z<\/span><span dir=\"ltr\" role=\"presentation\">u anderen als Beherbergungszwecken bed\u00fcrfen der <\/span><span dir=\"ltr\" role=\"presentation\">vorherigen Zustimmung des Hotels in Textform.<\/span><\/p>\n<p><span dir=\"ltr\" role=\"presentation\">3. Allgemeine Gesch\u00e4ftsbedingungen des Kunden finden nur Anwendung, wenn dies vorher ausdr\u00fccklich in Textform vereinbart wurd<\/span><span dir=\"ltr\" role=\"presentation\">e.<\/span><\/p>\n<p>&nbsp;<\/p>\n<p><span dir=\"ltr\" role=\"presentation\">2. VERTRAGSABSCHLUSS,<\/span> <span dir=\"ltr\" role=\"presentation\">&#8211;<\/span><span dir=\"ltr\" role=\"presentation\">PARTNER,<\/span> <span dir=\"ltr\" role=\"presentation\">VERJ<\/span><span dir=\"ltr\" role=\"presentation\">\u00c4<\/span><span dir=\"ltr\" role=\"presentation\">HRUNG<\/span><\/p>\n<p><span dir=\"ltr\" role=\"presentation\">1. Dem Hotel steht es frei, die Zimmerbuchung in Textform zu best\u00e4tigen.<\/span><\/p>\n<p><span dir=\"ltr\" role=\"presentation\">2. Vertragspartner sind das Hotel und der Kunde. Hat ein Dritter f\u00fcr den Kunden bestellt, haftet er dem Hotel gegen\u00fcber zusam<\/span><span dir=\"ltr\" role=\"presentation\">men mit dem <\/span><span dir=\"ltr\" role=\"presentation\">Kunden als Gesamtschuldner.<\/span><\/p>\n<p><span dir=\"ltr\" role=\"presentation\">3.<\/span> <span dir=\"ltr\" role=\"presentation\">Alle Anspr\u00fcche gegen das Hotel verj\u00e4hren grunds\u00e4tzlich in einem Jahr ab dem gesetzlichen Verj<\/span><span dir=\"ltr\" role=\"presentation\">\u00e4<\/span><span dir=\"ltr\" role=\"presentation\">hrungsbeginn. Schadenersatzanspr\u00fcche <\/span><span dir=\"ltr\" role=\"presentation\">verj\u00e4hren in f\u00fcnf Jahren. Die Verj<\/span><span dir=\"ltr\" role=\"presentation\">\u00e4<\/span><span dir=\"ltr\" role=\"presentation\">hrungsverk<\/span><span dir=\"ltr\" role=\"presentation\">\u00fc<\/span><span dir=\"ltr\" role=\"presentation\">rzungen gelten nicht bei Anspr\u00fcchen, die auf einer vors\u00e4tzlichen oder grob<\/span> <span dir=\"ltr\" role=\"presentation\">fahrl\u00e4ssigen<\/span> <span dir=\"ltr\" role=\"presentation\">Pflichtverletzung des Hotels beruhen.<\/span><\/p>\n<p>&nbsp;<\/p>\n<p><span dir=\"ltr\" role=\"presentation\">3. LEISTUNGEN, PREISE, ZAHLUNG, AUFRECHNUNG<\/span><\/p>\n<p><span dir=\"ltr\" role=\"presentation\">1. Das Hotel ist verpflichtet, die vom Kunden gebuchten Zimmer bereitzuhalten und die vereinbarten Leistungen zu erbringen.<\/span><\/p>\n<p><span dir=\"ltr\" role=\"presentation\">2. Der Kunde ist verpflichtet, di<\/span><span dir=\"ltr\" role=\"presentation\">e f\u00fcr die Zimmer<\/span><span dir=\"ltr\" role=\"presentation\">\u00fc<\/span><span dir=\"ltr\" role=\"presentation\">berlassung und die von ihm in Anspruch genommenen weiteren Leistungen zu geltenden Preise <\/span><span dir=\"ltr\" role=\"presentation\">des Hotels zu zahlen. Dies gilt auch f\u00fcr vom Kunden veranlasste Leistungen und Auslagen des Hotels an Dritte. Die vereinbarte<\/span><span dir=\"ltr\" role=\"presentation\">n Preise <\/span><span dir=\"ltr\" role=\"presentation\">schlie\u00dfen die<\/span> <span dir=\"ltr\" role=\"presentation\">jeweilige gesetzliche Umsatzsteuer ein.<\/span><\/p>\n<p><span dir=\"ltr\" role=\"presentation\">3. Das Hotel kann seine Zustimmung zu einer vom Kunden gew\u00fcnschten nachtr\u00e4glichen Verringerung der Anzahl der gebuchten Zimme<\/span><span dir=\"ltr\" role=\"presentation\">r, der <\/span><span dir=\"ltr\" role=\"presentation\">Leistung des Hotels oder der Aufenthaltsdauer des Kunden davon abh\u00e4ngig machen, das<\/span><span dir=\"ltr\" role=\"presentation\">s sich der Preis f\u00fcr die Zimmer und\/oder f\u00fcr die <\/span><span dir=\"ltr\" role=\"presentation\">sonstigen Leistungen des Hotels erh\u00f6ht.<\/span><\/p>\n<p><span dir=\"ltr\" role=\"presentation\">4<\/span><span dir=\"ltr\" role=\"presentation\">. Rechnungen des Hotels<\/span> <span dir=\"ltr\" role=\"presentation\">werden in der Regel beim CheckOut oder nach der Stornierung erstellt und<\/span> <span dir=\"ltr\" role=\"presentation\">sind innerhalb<\/span> <span dir=\"ltr\" role=\"presentation\">10<\/span> <span dir=\"ltr\" role=\"presentation\">Tagen ab Zusendung <\/span><span dir=\"ltr\" role=\"presentation\">der Rechnung ohne Abzug zahlbar<\/span><span dir=\"ltr\" role=\"presentation\">. Bei Zahlungsverzug ist das Hotel berechtigt ein Pauschalbetrag (S\u00e4umniszuschlage, Bearbeitungsgeb\u00fchr) i.<\/span><span dir=\"ltr\" role=\"presentation\">H. v. 25,00 Euro zu erheben.<\/span> <span dir=\"ltr\" role=\"presentation\">Die Zahlung vor Ort ist m\u00f6glich mit VISA, Mastercard, EC<\/span><span dir=\"ltr\" role=\"presentation\">&#8211;<\/span><span dir=\"ltr\" role=\"presentation\">Karte und Maestro.<\/span><\/p>\n<p><span dir=\"ltr\" role=\"presentation\">5. Das Hotel ist berechtigt, bei Vertragssch<\/span><span dir=\"ltr\" role=\"presentation\">luss vom Kunden eine Vorauszahlung oder Sicherheitsleistung zu verlangen.<\/span><\/p>\n<p><span dir=\"ltr\" role=\"presentation\">6. In begr\u00fcndeten F\u00e4llen, z.B. Zahlungsr<\/span><span dir=\"ltr\" role=\"presentation\">\u00fc<\/span><span dir=\"ltr\" role=\"presentation\">ckstand des Kunden, ist das Hotel berechtigt, weitere Leistungen abzulehnen.<\/span><\/p>\n<p><span dir=\"ltr\" role=\"presentation\">7. Der Kunde kann nur mit einer unstreitigen oder rechtskr\u00e4ft<\/span><span dir=\"ltr\" role=\"presentation\">igen Forderung gegen\u00fcber einer Forderung des Hotels aufrechnen oder <\/span><span dir=\"ltr\" role=\"presentation\">verrechnen.<\/span><\/p>\n<p>&nbsp;<\/p>\n<p><span dir=\"ltr\" role=\"presentation\">4. R<\/span><span dir=\"ltr\" role=\"presentation\">\u00dc<\/span><span dir=\"ltr\" role=\"presentation\">CKTRITT DES KUNDEN (ABBESTELLUNG, STORNIERUNG und NoShow)<\/span><\/p>\n<p><span dir=\"ltr\" role=\"presentation\">1. Ein R\u00fccktritt des Kunden von dem mit dem Hotel geschlossenen Vertrag bedarf der Zustimmung des Hotels in T<\/span><span dir=\"ltr\" role=\"presentation\">extform. Erfolgt diese nicht, <\/span><span dir=\"ltr\" role=\"presentation\">so ist der vereinbarte Preis aus dem Vertrag auch dann zu zahlen, wenn der Kunde vertragliche Leistungen nicht in Anspruch ni<\/span><span dir=\"ltr\" role=\"presentation\">mmt.<\/span><\/p>\n<p><span dir=\"ltr\" role=\"presentation\">2. Sofern zwischen dem Hotel und dem Kunden ein Termin zum kostenfreien R\u00fccktritt vom Vertrag i<\/span><span dir=\"ltr\" role=\"presentation\">n Textform vereinbart wurde, kann der <\/span><span dir=\"ltr\" role=\"presentation\">Kunde bis dahin vom Vertrag zur\u00fccktreten, ohne Zahlungs<\/span><span dir=\"ltr\" role=\"presentation\">&#8211;<\/span> <span dir=\"ltr\" role=\"presentation\">oder Schadenersatzanspr\u00fcche des Hotels auszul\u00f6sen. Das R\u00fccktrittsrecht des <\/span><span dir=\"ltr\" role=\"presentation\">Kunden erlischt, wenn er nicht bis zum vereinbarten Termin sein Recht zum R\u00fccktritt ge<\/span><span dir=\"ltr\" role=\"presentation\">gen\u00fcber dem Hotel in Textform aus\u00fcbt.<\/span><\/p>\n<p><span dir=\"ltr\" role=\"presentation\">3. Bei vom Kunden nicht in Anspruch genommenen Zimmern hat das Hotel die Einnahmen aus anderweitiger Vermietung dieser Zimmer <\/span><span dir=\"ltr\" role=\"presentation\">anzurechnen. Werden die Zimmer nicht anderweitig vermietet, so kann das Hotel die vertragli<\/span><span dir=\"ltr\" role=\"presentation\">ch vereinbarte Verg\u00fctung zu 100% in Rechnung <\/span><span dir=\"ltr\" role=\"presentation\">stellen.<\/span><\/p>\n<p><span dir=\"ltr\" role=\"presentation\">4. Ein Anrecht auf R\u00fccktritt von dem mit dem Hotel geschlossenen Vertrag erlischt ab zwei Wochen vor dem vertraglich geregelt<\/span><span dir=\"ltr\" role=\"presentation\">en Anreisetag. <\/span><span dir=\"ltr\" role=\"presentation\">Hinweis<\/span><span dir=\"ltr\" role=\"presentation\">: Gem\u00e4\u00df Richtlinie 2011\/83\/EU des europ\u00e4ischen Parlaments, Artikel 16 gilt das 14<\/span><span dir=\"ltr\" role=\"presentation\">&#8211;<\/span><span dir=\"ltr\" role=\"presentation\">t<\/span><span dir=\"ltr\" role=\"presentation\">\u00e4<\/span><span dir=\"ltr\" role=\"presentation\">gige R\u00fccktrittsrecht nicht f\u00fcr Hotelbuchungen. Es <\/span><span dir=\"ltr\" role=\"presentation\">gelten die Stornobedingungen des Hotels.<\/span><\/p>\n<p><span dir=\"ltr\" role=\"presentation\">5.<\/span> <span dir=\"ltr\" role=\"presentation\">Stornierungen und \u00c4nderungen, die bis zu 2 Tage vor Anreisedatum<\/span> <span dir=\"ltr\" role=\"presentation\">erfolgen, werden mit 70% des Preises aller \u00dcbernachtungen berechnet. <\/span><span dir=\"ltr\" role=\"presentation\">Stornierungen und \u00c4nderungen, die versp\u00e4tet erfolgen, werden mit 90% des Gesamtbetrages berechnet. <\/span><span dir=\"ltr\" role=\"presentation\">Nichtanreisen werden mit 100% des Gesamtpreises berechnet.<\/span> <span dir=\"ltr\" role=\"presentation\">Wir empfehlen den Abschluss<\/span> <span dir=\"ltr\" role=\"presentation\">einer Reise<\/span><span dir=\"ltr\" role=\"presentation\">&#8211;<\/span><span dir=\"ltr\" role=\"presentation\">R\u00fccktritts<\/span><span dir=\"ltr\" role=\"presentation\">&#8211;<\/span><span dir=\"ltr\" role=\"presentation\">Versicherung.<\/span><\/p>\n<p>&nbsp;<\/p>\n<p><span dir=\"ltr\" role=\"presentation\">5. R<\/span><span dir=\"ltr\" role=\"presentation\">\u00dc<\/span><span dir=\"ltr\" role=\"presentation\">CKTRITT DES HOTELS<\/span><\/p>\n<p><span dir=\"ltr\" role=\"presentation\">1. Sofern in Textform vereinbart wurde, dass der Kunde innerhalb einer bestimmten Frist kostenfrei vom Vertrag zur\u00fccktreten k<\/span><span dir=\"ltr\" role=\"presentation\">ann, ist das Hotel<br \/>\n<\/span><span dir=\"ltr\" role=\"presentation\">ebenfalls in diesem Zeitraum seinerseits berec<\/span><span dir=\"ltr\" role=\"presentation\">htigt, vom Vertrag zur\u00fcckzutreten (z.B. nichteinhalten vertraglich vereinbarter Vorauszahlung).<\/span><\/p>\n<p><span dir=\"ltr\" role=\"presentation\">2. Bei berechtigtem R\u00fccktritt des Hotels entsteht<\/span> <span dir=\"ltr\" role=\"presentation\">kein Anspruch des Kunden auf Schadensersatz.<\/span><\/p>\n<p>&nbsp;<\/p>\n<p><span dir=\"ltr\" role=\"presentation\">6. ZIMMERBEREITSTELLUNG,<\/span> <span dir=\"ltr\" role=\"presentation\">&#8211;<\/span><span dir=\"ltr\" role=\"presentation\">\u00dc<\/span><span dir=\"ltr\" role=\"presentation\">BERGABE UND<\/span> <span dir=\"ltr\" role=\"presentation\">&#8211;<\/span><span dir=\"ltr\" role=\"presentation\">R<\/span><span dir=\"ltr\" role=\"presentation\">\u00dc<\/span><span dir=\"ltr\" role=\"presentation\">CKGABE<\/span><\/p>\n<p><span dir=\"ltr\" role=\"presentation\">1. Der K<\/span><span dir=\"ltr\" role=\"presentation\">unde erwirbt keinen Anspruch auf die Bereitstellung bestimmter Zimmer, soweit dieses nicht ausdr\u00fccklich in Textform vereinbar<\/span><span dir=\"ltr\" role=\"presentation\">t wurde.<\/span><\/p>\n<p><span dir=\"ltr\" role=\"presentation\">2. Gebuchte Zimmer stehen dem Kunden ab 15:00 Uhr des vereinbarten Anreisetages zur Verf\u00fcgung. Der Kunde hat keinen Anspr<\/span><span dir=\"ltr\" role=\"presentation\">uch auf <\/span><span dir=\"ltr\" role=\"presentation\">fr\u00fchere Bereitstellung.<\/span><\/p>\n<p><span dir=\"ltr\" role=\"presentation\">3. Am vereinbarten Abreisetag sind die Zimmer dem Hotel sp\u00e4testens um 10:30 Uhr ger\u00e4umt zur Verf\u00fcgung zu stellen. Danach kann<\/span> <span dir=\"ltr\" role=\"presentation\">das Hotel <\/span><span dir=\"ltr\" role=\"presentation\">aufgrund der versp\u00e4teten R\u00e4umung des Zimmers f\u00fcr dessen vertrags<\/span><span dir=\"ltr\" role=\"presentation\">\u00fc<\/span><span dir=\"ltr\" role=\"presentation\">berschreitende Nutzun<\/span><span dir=\"ltr\" role=\"presentation\">g bis 14:00 Uhr 50% des vollen Logispreises <\/span><span dir=\"ltr\" role=\"presentation\">(Listenpreises) in Rechnung stellen, danach 100%.<\/span><\/p>\n<p>&nbsp;<\/p>\n<p><span dir=\"ltr\" role=\"presentation\">7. HAFTUNG DES HOTELS<\/span><\/p>\n<p><span dir=\"ltr\" role=\"presentation\">1. Das Hotel haftet f\u00fcr seine Verpflichtungen aus dem Vertrag. Anspr\u00fcche des Kunden auf Schadensersatz sind ausgeschlossen. H<\/span><span dir=\"ltr\" role=\"presentation\">iervon <\/span><span dir=\"ltr\" role=\"presentation\">ausg<\/span><span dir=\"ltr\" role=\"presentation\">enommen sind Schaden aus der Verletzung des Lebens, des K\u00f6rpers oder der Gesundheit, wenn das Hotel die Pflichtverletzung zu <\/span><span dir=\"ltr\" role=\"presentation\">vertreten hat, sonstige Sch\u00e4den, die auf einer vors\u00e4tzlichen oder grob fahrl\u00e4ssigen Pflichtverletzung des Hotels beruhen und<\/span> <span dir=\"ltr\" role=\"presentation\">Sch\u00e4de<\/span><span dir=\"ltr\" role=\"presentation\">n, die auf<\/span> <span dir=\"ltr\" role=\"presentation\">einer vors\u00e4tzlichen oder fahrl\u00e4ssigen Verletzung von vertragstypischen Pflichten des Hotels beruhen. Sollten St\u00f6rungen oder M<\/span><span dir=\"ltr\" role=\"presentation\">\u00e4ngel an den <\/span><span dir=\"ltr\" role=\"presentation\">Leistungen des Hotels auftreten, wird das Hotel bei Kenntnis oder auf unverz\u00fcgliche R\u00fcge des Kunden bem\u00fcht<\/span> <span dir=\"ltr\" role=\"presentation\">sein, f\u00fcr Abhilfe zu sorgen. Der <\/span><span dir=\"ltr\" role=\"presentation\">Kunde ist verpflichtet, das ihm Zumutbare beizutragen, um die St\u00f6rung zu beheben und einen m\u00f6glichen Schaden gering zu halten<\/span><span dir=\"ltr\" role=\"presentation\">.<\/span><\/p>\n<p><span dir=\"ltr\" role=\"presentation\">2. F\u00fcr eingebrachte Sachen haftet das Hotel dem Kunden nach den gesetzlichen Bestimmungen. Dana<\/span><span dir=\"ltr\" role=\"presentation\">ch ist die Haftung beschr\u00e4nkt auf das <\/span><span dir=\"ltr\" role=\"presentation\">Hundertfache des Zimmerpreises, jedoch h\u00f6chstens \u20ac 3.500,<\/span><span dir=\"ltr\" role=\"presentation\">&#8211;<\/span><span dir=\"ltr\" role=\"presentation\">und abweichend f\u00fcr Geld, Wertpapieren und Kostbarkeiten h\u00f6chstens bis zu \u20ac <\/span><span dir=\"ltr\" role=\"presentation\">800,<\/span><span dir=\"ltr\" role=\"presentation\">&#8211;<\/span><span dir=\"ltr\" role=\"presentation\">. Geld, Wertpapiere und Kostbarkeiten k\u00f6nnen bis zu einem H\u00f6chstwert von \u20ac 3.500<\/span><span dir=\"ltr\" role=\"presentation\">,<\/span><span dir=\"ltr\" role=\"presentation\">&#8211;<\/span> <span dir=\"ltr\" role=\"presentation\">im Hotelsafe aufbewahrt werden.<\/span><\/p>\n<p><span dir=\"ltr\" role=\"presentation\">3. Soweit dem Kunden ein Stellplatz in der Garage oder auf einem Hotelparkplatz, auch gegen Entgelt, zur Verf\u00fcgung gestellt w<\/span><span dir=\"ltr\" role=\"presentation\">ird, kommt <\/span><span dir=\"ltr\" role=\"presentation\">dadurch kein Verwahrungsvertrag zustande. Bei Abhandenkommen oder Besch\u00e4digung auf d<\/span><span dir=\"ltr\" role=\"presentation\">em Hotelgrundst<\/span><span dir=\"ltr\" role=\"presentation\">\u00fc<\/span><span dir=\"ltr\" role=\"presentation\">ck abgestellter oder rangierter <\/span><span dir=\"ltr\" role=\"presentation\">Kraftfahrzeuge, Anh\u00e4nger, Motorr\u00e4der oder Anh\u00e4nger und deren Inhalte haftet das Hotel nicht, au\u00dfer bei Vorsatz oder grober Fa<\/span><span dir=\"ltr\" role=\"presentation\">hrl\u00e4ssigkeit.<\/span><\/p>\n<p>&nbsp;<\/p>\n<p><span dir=\"ltr\" role=\"presentation\">8. SCHLUSSBESTIMMUNGEN<\/span><\/p>\n<p><span dir=\"ltr\" role=\"presentation\">1. \u00c4nderungen und Erg\u00e4nzungen des Vertrage<\/span><span dir=\"ltr\" role=\"presentation\">s oder dieser Allgemeinen Gesch\u00e4ftsbedingungen sollen in Textform erfolgen. Einseitige <\/span><span dir=\"ltr\" role=\"presentation\">\u00c4nderungen oder Erg\u00e4nzungen durch den Kunden sind unwirksam.<\/span><\/p>\n<p><span dir=\"ltr\" role=\"presentation\">2. Erf\u00fcllung<\/span><span dir=\"ltr\" role=\"presentation\">&#8211;<\/span> <span dir=\"ltr\" role=\"presentation\">und Zahlungsort ist der Standort des Hotels.<\/span><\/p>\n<p><span dir=\"ltr\" role=\"presentation\">3. Es gilt deutsches Recht. Die Anwendung des UN<\/span><span dir=\"ltr\" role=\"presentation\">&#8211;<\/span><span dir=\"ltr\" role=\"presentation\">Kaufrechts und des Kollisionsrechts oder \u00e4hnlichem ist ausgeschlossen.<\/span><\/p>\n<p><span dir=\"ltr\" role=\"presentation\">4. Sollten einzelne Bestimmungen dieser Allgemeinen Gesch\u00e4ftsbedingungen unwirksam oder nichtig sein oder werden, so wird dad<\/span><span dir=\"ltr\" role=\"presentation\">urch die <\/span><span dir=\"ltr\" role=\"presentation\">Wirksamkeit der \u00fcbrigen Bestimmungen nicht ber\u00fchrt. Im<\/span> <span dir=\"ltr\" role=\"presentation\">\u00dc<\/span><span dir=\"ltr\" role=\"presentation\">brigen gelten die gesetzlichen Vorschriften.<\/span><\/p>\n<p><span dir=\"ltr\" role=\"presentation\">dS Hotel GmbH mit S<\/span><span dir=\"ltr\" role=\"presentation\">itz in 48455 Bad Bentheim<\/span><\/p>\n<p><span dir=\"ltr\" role=\"presentation\">dS Hotel &amp; Freizeitcenter Betriebs GmbH mit Sitz in 48599 Gronau<\/span><\/p>\n<p><span dir=\"ltr\" role=\"presentation\">Stand: Juli 2022<\/span><\/p>\n<div id=\"outerContainer\">&nbsp;<\/div>\n","protected":false},"excerpt":{"rendered":"<p>Allgemeine Gesch\u00e4ftsbedingungen 1. GELTUNGSBEREICH 1. Diese Gesch\u00e4ftsbedingungen gelten f\u00fcr Vertr\u00e4ge \u00fcber die mietweise \u00dcberlassung von Hotelzimmern zur Beherbergung und weiteren Leistungen des Hotels (Hotelaufnahmevertrag). 2. Die Unter&#8211; oder Weitervermietung der \u00fcberlassenen Zimmer sowie deren Nutzung zu anderen als Beherbergungszwecken bed\u00fcrfen der vorherigen Zustimmung des Hotels in Textform. 3. Allgemeine Gesch\u00e4ftsbedingungen des Kunden finden nur Anwendung, [&hellip;]<\/p>\n","protected":false},"author":1,"featured_media":0,"parent":0,"menu_order":0,"comment_status":"closed","ping_status":"closed","template":"","meta":{"site-sidebar-layout":"default","site-content-layout":"default","ast-site-content-layout":"","site-content-style":"default","site-sidebar-style":"default","ast-global-header-display":"","ast-banner-title-visibility":"","ast-main-header-display":"","ast-hfb-above-header-display":"","ast-hfb-below-header-display":"","ast-hfb-mobile-header-display":"","site-post-title":"","ast-breadcrumbs-content":"","ast-featured-img":"","footer-sml-layout":"","theme-transparent-header-meta":"default","adv-header-id-meta":"","stick-header-meta":"","header-above-stick-meta":"","header-main-stick-meta":"","header-below-stick-meta":"","astra-migrate-meta-layouts":"default","ast-page-background-enabled":"default","ast-page-background-meta":{"desktop":{"background-color":"","background-image":"","background-repeat":"repeat","background-position":"center center","background-size":"auto","background-attachment":"scroll","background-type":"","background-media":"","overlay-type":"","overlay-color":"","overlay-opacity":"","overlay-gradient":""},"tablet":{"background-color":"","background-image":"","background-repeat":"repeat","background-position":"center center","background-size":"auto","background-attachment":"scroll","background-type":"","background-media":"","overlay-type":"","overlay-color":"","overlay-opacity":"","overlay-gradient":""},"mobile":{"background-color":"","background-image":"","background-repeat":"repeat","background-position":"center center","background-size":"auto","background-attachment":"scroll","background-type":"","background-media":"","overlay-type":"","overlay-color":"","overlay-opacity":"","overlay-gradient":""}},"ast-content-background-meta":{"desktop":{"background-color":"var(--ast-global-color-5)","background-image":"","background-repeat":"repeat","background-position":"center center","background-size":"auto","background-attachment":"scroll","background-type":"","background-media":"","overlay-type":"","overlay-color":"","overlay-opacity":"","overlay-gradient":""},"tablet":{"background-color":"var(--ast-global-color-5)","background-image":"","background-repeat":"repeat","background-position":"center center","background-size":"auto","background-attachment":"scroll","background-type":"","background-media":"","overlay-type":"","overlay-color":"","overlay-opacity":"","overlay-gradient":""},"mobile":{"background-color":"var(--ast-global-color-5)","background-image":"","background-repeat":"repeat","background-position":"center center","background-size":"auto","background-attachment":"scroll","background-type":"","background-media":"","overlay-type":"","overlay-color":"","overlay-opacity":"","overlay-gradient":""}},"footnotes":""},"class_list":["post-338","page","type-page","status-publish","hentry"],"_links":{"self":[{"href":"https:\/\/www.ds-hotel.de\/gronau\/wp-json\/wp\/v2\/pages\/338","targetHints":{"allow":["GET"]}}],"collection":[{"href":"https:\/\/www.ds-hotel.de\/gronau\/wp-json\/wp\/v2\/pages"}],"about":[{"href":"https:\/\/www.ds-hotel.de\/gronau\/wp-json\/wp\/v2\/types\/page"}],"author":[{"embeddable":true,"href":"https:\/\/www.ds-hotel.de\/gronau\/wp-json\/wp\/v2\/users\/1"}],"replies":[{"embeddable":true,"href":"https:\/\/www.ds-hotel.de\/gronau\/wp-json\/wp\/v2\/comments?post=338"}],"version-history":[{"count":1,"href":"https:\/\/www.ds-hotel.de\/gronau\/wp-json\/wp\/v2\/pages\/338\/revisions"}],"predecessor-version":[{"id":339,"href":"https:\/\/www.ds-hotel.de\/gronau\/wp-json\/wp\/v2\/pages\/338\/revisions\/339"}],"wp:attachment":[{"href":"https:\/\/www.ds-hotel.de\/gronau\/wp-json\/wp\/v2\/media?parent=338"}],"curies":[{"name":"wp","href":"https:\/\/api.w.org\/{rel}","templated":true}]}}